{"id":263,"date":"2017-08-07T09:35:59","date_gmt":"2017-08-07T12:35:59","guid":{"rendered":"http:\/\/localhost\/blessing\/?page_id=263"},"modified":"2021-10-06T19:41:37","modified_gmt":"2021-10-06T22:41:37","slug":"contato","status":"publish","type":"page","link":"https:\/\/elocapelania.org.br\/10-anos-capelania\/contato\/","title":{"rendered":"Contato"},"content":{"rendered":"<p>[vc_row css=&#8221;.vc_custom_1502177361896{padding-top: 80px !important;padding-bottom: 80px !important;}&#8221;][vc_column width=&#8221;1\/2&#8243; el_class=&#8221;text-center&#8221;][vc_single_image image=&#8221;566&#8243; img_size=&#8221;full&#8221;][\/vc_column][vc_column width=&#8221;1\/2&#8243;]\t\n\t<div class=\"social-icons \">                            \n\t\t\t\n      \t\t<a target=\"_self\" href=\"https:\/\/www.facebook.com\/elocapelania\"><i class=\"fa fa-facebook\"><\/i><\/a>        \t\n      \t\t<a target=\"_self\" href=\"https:\/\/www.instagram.com\/elocapelania\/\"><i class=\"fa fa-instagram\"><\/i><\/a>        \t\n      \t\t<a target=\"_self\" href=\"https:\/\/www.youtube.com\/channel\/UCbCBWOEbOBpNmA2stAWOcLw\/featured\"><i class=\"fa fa-youtube\"><\/i><\/a>        \t\n      \t\t<a target=\"_self\" href=\"https:\/\/www.flickr.com\/search\/?text=elo%20capelania\"><i class=\"fa fa-flickr\"><\/i><\/a>            <\/div>\n\n[vc_separator css=&#8221;.vc_custom_1502176836205{margin-top: 30px !important;}&#8221;][vc_separator css=&#8221;.vc_custom_1502176836205{margin-top: 30px !important;}&#8221;][vc_column_text]<strong>Telefone:<\/strong><br \/>\n+55 (41) 99201-0755[\/vc_column_text][vc_separator][vc_column_text]<strong>Elo Capelania:<\/strong><br \/>\nSempre aberto[\/vc_column_text][vc_separator][vc_column_text]<strong>Endere\u00e7o:<\/strong><br \/>\nRua Maria Aparecida de Oliveira, 599 &#8211; Loteamento S\u00e3o Ger\u00f4nimo &#8211; Campo Largo &#8211; PR[\/vc_column_text][\/vc_column][\/vc_row]<\/p>\n","protected":false},"excerpt":{"rendered":"<p>[vc_row css=&#8221;.vc_custom_1502177361896{padding-top: 80px !important;padding-bottom: 80px !important;}&#8221;][vc_column width=&#8221;1\/2&#8243; el_class=&#8221;text-center&#8221;][vc_single_image image=&#8221;566&#8243; img_size=&#8221;full&#8221;][\/vc_column][vc_column width=&#8221;1\/2&#8243;][vc_separator css=&#8221;.vc_custom_1502176836205{margin-top: 30px !important;}&#8221;][vc_separator css=&#8221;.vc_custom_1502176836205{margin-top: 30px !important;}&#8221;][vc_column_text]Telefone: +55 (41) 99201-0755[\/vc_column_text][vc_separator][vc_column_text]Elo Capelania: Sempre aberto[\/vc_column_text][vc_separator][vc_column_text]Endere\u00e7o: Rua Maria Aparecida de Oliveira, 599 &#8211; Loteamento S\u00e3o Ger\u00f4nimo &#8211; Campo Largo &#8211; PR[\/vc_column_text][\/vc_column][\/vc_row]<\/p>\n","protected":false},"author":1,"featured_media":0,"parent":0,"menu_order":0,"comment_status":"closed","ping_status":"closed","template":"page-templates\/template-fullwidth.php","meta":{"footnotes":""},"class_list":["post-263","page","type-page","status-publish","hentry"],"yoast_head":"<!-- This site is optimized with the Yoast SEO plugin v22.4 - https:\/\/yoast.com\/wordpress\/plugins\/seo\/ -->\n<title>Contato - Elo Capelania<\/title>\n<meta name=\"robots\" content=\"index, follow, max-snippet:-1, max-image-preview:large, max-video-preview:-1\" \/>\n<link rel=\"canonical\" href=\"https:\/\/elocapelania.org.br\/10-anos-capelania\/contato\/\" \/>\n<meta property=\"og:locale\" content=\"pt_BR\" \/>\n<meta property=\"og:type\" content=\"article\" \/>\n<meta property=\"og:title\" content=\"Contato - Elo Capelania\" \/>\n<meta property=\"og:description\" content=\"[vc_row css=&#8221;.vc_custom_1502177361896{padding-top: 80px !important;padding-bottom: 80px !important;}&#8221;][vc_column width=&#8221;1\/2&#8243; el_class=&#8221;text-center&#8221;][vc_single_image image=&#8221;566&#8243; img_size=&#8221;full&#8221;][\/vc_column][vc_column width=&#8221;1\/2&#8243;][vc_separator css=&#8221;.vc_custom_1502176836205{margin-top: 30px !important;}&#8221;][vc_separator css=&#8221;.vc_custom_1502176836205{margin-top: 30px !important;}&#8221;][vc_column_text]Telefone: +55 (41) 99201-0755[\/vc_column_text][vc_separator][vc_column_text]Elo Capelania: Sempre aberto[\/vc_column_text][vc_separator][vc_column_text]Endere\u00e7o: Rua Maria Aparecida de Oliveira, 599 &#8211; Loteamento S\u00e3o Ger\u00f4nimo &#8211; Campo Largo &#8211; PR[\/vc_column_text][\/vc_column][\/vc_row]\" \/>\n<meta property=\"og:url\" content=\"https:\/\/elocapelania.org.br\/10-anos-capelania\/contato\/\" \/>\n<meta property=\"og:site_name\" content=\"Elo Capelania\" \/>\n<meta property=\"article:modified_time\" content=\"2021-10-06T22:41:37+00:00\" \/>\n<meta name=\"twitter:card\" content=\"summary_large_image\" \/>\n<meta name=\"twitter:label1\" content=\"Est. tempo de leitura\" \/>\n\t<meta name=\"twitter:data1\" content=\"1 minuto\" \/>\n<script type=\"application\/ld+json\" class=\"yoast-schema-graph\">{\"@context\":\"https:\/\/schema.org\",\"@graph\":[{\"@type\":\"WebPage\",\"@id\":\"https:\/\/elocapelania.org.br\/10-anos-capelania\/contato\/\",\"url\":\"https:\/\/elocapelania.org.br\/10-anos-capelania\/contato\/\",\"name\":\"Contato - Elo Capelania\",\"isPartOf\":{\"@id\":\"https:\/\/elocapelania.org.br\/10-anos-capelania\/#website\"},\"datePublished\":\"2017-08-07T12:35:59+00:00\",\"dateModified\":\"2021-10-06T22:41:37+00:00\",\"breadcrumb\":{\"@id\":\"https:\/\/elocapelania.org.br\/10-anos-capelania\/contato\/#breadcrumb\"},\"inLanguage\":\"pt-BR\",\"potentialAction\":[{\"@type\":\"ReadAction\",\"target\":[\"https:\/\/elocapelania.org.br\/10-anos-capelania\/contato\/\"]}]},{\"@type\":\"BreadcrumbList\",\"@id\":\"https:\/\/elocapelania.org.br\/10-anos-capelania\/contato\/#breadcrumb\",\"itemListElement\":[{\"@type\":\"ListItem\",\"position\":1,\"name\":\"In\u00edcio\",\"item\":\"https:\/\/elocapelania.org.br\/10-anos-capelania\/\"},{\"@type\":\"ListItem\",\"position\":2,\"name\":\"Contato\"}]},{\"@type\":\"WebSite\",\"@id\":\"https:\/\/elocapelania.org.br\/10-anos-capelania\/#website\",\"url\":\"https:\/\/elocapelania.org.br\/10-anos-capelania\/\",\"name\":\"Elo Capelania\",\"description\":\"\",\"publisher\":{\"@id\":\"https:\/\/elocapelania.org.br\/10-anos-capelania\/#organization\"},\"potentialAction\":[{\"@type\":\"SearchAction\",\"target\":{\"@type\":\"EntryPoint\",\"urlTemplate\":\"https:\/\/elocapelania.org.br\/10-anos-capelania\/?s={search_term_string}\"},\"query-input\":\"required name=search_term_string\"}],\"inLanguage\":\"pt-BR\"},{\"@type\":\"Organization\",\"@id\":\"https:\/\/elocapelania.org.br\/10-anos-capelania\/#organization\",\"name\":\"Elo Capelania\",\"url\":\"https:\/\/elocapelania.org.br\/10-anos-capelania\/\",\"logo\":{\"@type\":\"ImageObject\",\"inLanguage\":\"pt-BR\",\"@id\":\"https:\/\/elocapelania.org.br\/10-anos-capelania\/#\/schema\/logo\/image\/\",\"url\":\"https:\/\/elocapelania.org.br\/wp-content\/uploads\/2025\/08\/SELO_10_ANOS_v9-04.png\",\"contentUrl\":\"https:\/\/elocapelania.org.br\/wp-content\/uploads\/2025\/08\/SELO_10_ANOS_v9-04.png\",\"width\":735,\"height\":347,\"caption\":\"Elo Capelania\"},\"image\":{\"@id\":\"https:\/\/elocapelania.org.br\/10-anos-capelania\/#\/schema\/logo\/image\/\"}}]}<\/script>\n<!-- \/ Yoast SEO plugin. -->","yoast_head_json":{"title":"Contato - Elo Capelania","robots":{"index":"index","follow":"follow","max-snippet":"max-snippet:-1","max-image-preview":"max-image-preview:large","max-video-preview":"max-video-preview:-1"},"canonical":"https:\/\/elocapelania.org.br\/10-anos-capelania\/contato\/","og_locale":"pt_BR","og_type":"article","og_title":"Contato - Elo Capelania","og_description":"[vc_row css=&#8221;.vc_custom_1502177361896{padding-top: 80px !important;padding-bottom: 80px !important;}&#8221;][vc_column width=&#8221;1\/2&#8243; el_class=&#8221;text-center&#8221;][vc_single_image image=&#8221;566&#8243; img_size=&#8221;full&#8221;][\/vc_column][vc_column width=&#8221;1\/2&#8243;][vc_separator css=&#8221;.vc_custom_1502176836205{margin-top: 30px !important;}&#8221;][vc_separator css=&#8221;.vc_custom_1502176836205{margin-top: 30px !important;}&#8221;][vc_column_text]Telefone: +55 (41) 99201-0755[\/vc_column_text][vc_separator][vc_column_text]Elo Capelania: Sempre aberto[\/vc_column_text][vc_separator][vc_column_text]Endere\u00e7o: Rua Maria Aparecida de Oliveira, 599 &#8211; Loteamento S\u00e3o Ger\u00f4nimo &#8211; Campo Largo &#8211; PR[\/vc_column_text][\/vc_column][\/vc_row]","og_url":"https:\/\/elocapelania.org.br\/10-anos-capelania\/contato\/","og_site_name":"Elo Capelania","article_modified_time":"2021-10-06T22:41:37+00:00","twitter_card":"summary_large_image","twitter_misc":{"Est. tempo de leitura":"1 minuto"},"schema":{"@context":"https:\/\/schema.org","@graph":[{"@type":"WebPage","@id":"https:\/\/elocapelania.org.br\/10-anos-capelania\/contato\/","url":"https:\/\/elocapelania.org.br\/10-anos-capelania\/contato\/","name":"Contato - Elo Capelania","isPartOf":{"@id":"https:\/\/elocapelania.org.br\/10-anos-capelania\/#website"},"datePublished":"2017-08-07T12:35:59+00:00","dateModified":"2021-10-06T22:41:37+00:00","breadcrumb":{"@id":"https:\/\/elocapelania.org.br\/10-anos-capelania\/contato\/#breadcrumb"},"inLanguage":"pt-BR","potentialAction":[{"@type":"ReadAction","target":["https:\/\/elocapelania.org.br\/10-anos-capelania\/contato\/"]}]},{"@type":"BreadcrumbList","@id":"https:\/\/elocapelania.org.br\/10-anos-capelania\/contato\/#breadcrumb","itemListElement":[{"@type":"ListItem","position":1,"name":"In\u00edcio","item":"https:\/\/elocapelania.org.br\/10-anos-capelania\/"},{"@type":"ListItem","position":2,"name":"Contato"}]},{"@type":"WebSite","@id":"https:\/\/elocapelania.org.br\/10-anos-capelania\/#website","url":"https:\/\/elocapelania.org.br\/10-anos-capelania\/","name":"Elo Capelania","description":"","publisher":{"@id":"https:\/\/elocapelania.org.br\/10-anos-capelania\/#organization"},"potentialAction":[{"@type":"SearchAction","target":{"@type":"EntryPoint","urlTemplate":"https:\/\/elocapelania.org.br\/10-anos-capelania\/?s={search_term_string}"},"query-input":"required name=search_term_string"}],"inLanguage":"pt-BR"},{"@type":"Organization","@id":"https:\/\/elocapelania.org.br\/10-anos-capelania\/#organization","name":"Elo Capelania","url":"https:\/\/elocapelania.org.br\/10-anos-capelania\/","logo":{"@type":"ImageObject","inLanguage":"pt-BR","@id":"https:\/\/elocapelania.org.br\/10-anos-capelania\/#\/schema\/logo\/image\/","url":"https:\/\/elocapelania.org.br\/wp-content\/uploads\/2025\/08\/SELO_10_ANOS_v9-04.png","contentUrl":"https:\/\/elocapelania.org.br\/wp-content\/uploads\/2025\/08\/SELO_10_ANOS_v9-04.png","width":735,"height":347,"caption":"Elo Capelania"},"image":{"@id":"https:\/\/elocapelania.org.br\/10-anos-capelania\/#\/schema\/logo\/image\/"}}]}},"_links":{"self":[{"href":"https:\/\/elocapelania.org.br\/10-anos-capelania\/wp-json\/wp\/v2\/pages\/263","targetHints":{"allow":["GET"]}}],"collection":[{"href":"https:\/\/elocapelania.org.br\/10-anos-capelania\/wp-json\/wp\/v2\/pages"}],"about":[{"href":"https:\/\/elocapelania.org.br\/10-anos-capelania\/wp-json\/wp\/v2\/types\/page"}],"author":[{"embeddable":true,"href":"https:\/\/elocapelania.org.br\/10-anos-capelania\/wp-json\/wp\/v2\/users\/1"}],"replies":[{"embeddable":true,"href":"https:\/\/elocapelania.org.br\/10-anos-capelania\/wp-json\/wp\/v2\/comments?post=263"}],"version-history":[{"count":11,"href":"https:\/\/elocapelania.org.br\/10-anos-capelania\/wp-json\/wp\/v2\/pages\/263\/revisions"}],"predecessor-version":[{"id":670,"href":"https:\/\/elocapelania.org.br\/10-anos-capelania\/wp-json\/wp\/v2\/pages\/263\/revisions\/670"}],"wp:attachment":[{"href":"https:\/\/elocapelania.org.br\/10-anos-capelania\/wp-json\/wp\/v2\/media?parent=263"}],"curies":[{"name":"wp","href":"https:\/\/api.w.org\/{rel}","templated":true}]}}