{"id":410,"date":"2021-04-03T18:25:50","date_gmt":"2021-04-03T21:25:50","guid":{"rendered":"https:\/\/elocapelania.org.br\/?page_id=410"},"modified":"2024-08-06T18:51:11","modified_gmt":"2024-08-06T21:51:11","slug":"a-elo-capelania","status":"publish","type":"page","link":"https:\/\/elocapelania.org.br\/10-anos-capelania\/a-elo-capelania\/","title":{"rendered":"A Elo Capelania"},"content":{"rendered":"\t\t<div data-elementor-type=\"wp-page\" data-elementor-id=\"410\" class=\"elementor elementor-410\" data-elementor-post-type=\"page\">\n\t\t\t\t<div class=\"elementor-element elementor-element-53c9419b e-flex e-con-boxed e-con e-parent\" data-id=\"53c9419b\" data-element_type=\"container\">\n\t\t\t\t\t<div class=\"e-con-inner\">\n\t\t\t\t<div class=\"elementor-element elementor-element-40c88157 elementor-widget elementor-widget-text-editor\" data-id=\"40c88157\" data-element_type=\"widget\" data-widget_type=\"text-editor.default\">\n\t\t\t\t<div class=\"elementor-widget-container\">\n\t\t\t\t\t\t\t\t\t<p>A Elo Capelania \u00e9 uma organiza\u00e7\u00e3o que realiza assist\u00eancia espiritual na sa\u00fade, mais especificamente do Hospital do Rocio e Hospital do Centro em Campo Largo, regi\u00e3o metropolitana de Curitiba. Acolhendo os pacientes e seus familiares, assim como tamb\u00e9m com os trabalhadores do hospital, sejam m\u00e9dicos, enfermeiros, psic\u00f3logos, assistentes sociais, terapeutas, ouvidores, e outros funcion\u00e1rios das diversas \u00e1reas\u00a0 e setores.<\/p><p>&#8220;A assist\u00eancia espiritual n\u00e3o est\u00e1 relacionada exclusivamente \u00e0 dor circunstancial dos pacientes e de suas fam\u00edlias. Ela acolhe tamb\u00e9m a necessidade de sentido e de significado \u00e0 vida, pr\u00f3prios daqueles que n\u00e3o se percebem aqui por um acaso e que lutam com suas ang\u00fastias pessoais\u201d, explica a Capel\u00e3 Titular, \u00c9rika Checan.<\/p><p>O resgate da espiritualidade que cada pessoa possui dentro de si. A verdadeira espiritualidade \u00e9 fruto de uma luta corajosa, forte, onde ficamos feridos, arranhados e sangrando mas n\u00e3o desistimos da luta. Um dos textos que mais me ajudam como aprender a verdadeira e aut\u00eantica espiritualidade \u00e9 a carta de S\u00e3o Paulo aos G\u00e1latas. Ele nos recorda a beleza da nossa voca\u00e7\u00e3o, deste caminho espiritual que devemos percorrer e que devemos sempre ter presente na vida. \u201cFostes chamados para a liberdade\u201d. Somente quem busca a aut\u00eantica liberdade se aventura no caminho espiritual&#8230;. Mas afinal o que \u00e9 espiritualidade? \u00c9 um estilo de vida pautado pelo evangelho que visa imitar a pessoa de Jesus. Seremos espirituais quando pudermos dizer com sinceridade como Paulo ap\u00f3stolo: \u201cn\u00e3o sou mais eu que vivo mas \u00e9 Cristo que vive em mim.\u201d<\/p><p>O acolhimento espiritual promovido pela capelania crist\u00e3, se d\u00e1 por meio das seguintes premissas: escutar, esperan\u00e7ar e entregar. Escutar de forma intencional. Esperan\u00e7ar por meio da palavra b\u00edblica, oferecendo tamb\u00e9m m\u00fasica e ora\u00e7\u00e3o. Entregar\u00a0 suporte, apoio, carinho e, tamb\u00e9m, quando necess\u00e1rio, donativos.<\/p>\t\t\t\t\t\t\t\t<\/div>\n\t\t\t\t<\/div>\n\t\t\t\t\t<\/div>\n\t\t\t\t<\/div>\n\t\t\t\t<\/div>\n\t\t","protected":false},"excerpt":{"rendered":"<p>A Elo Capelania \u00e9 uma organiza\u00e7\u00e3o que realiza assist\u00eancia espiritual na sa\u00fade, mais especificamente do Hospital do Rocio e Hospital do Centro em Campo Largo, regi\u00e3o metropolitana de Curitiba. Acolhendo os pacientes e seus familiares, assim como tamb\u00e9m com os trabalhadores do hospital, sejam m\u00e9dicos, enfermeiros, psic\u00f3logos, assistentes sociais, terapeutas, ouvidores, e outros funcion\u00e1rios das [&hellip;]<\/p>\n","protected":false},"author":1,"featured_media":0,"parent":0,"menu_order":0,"comment_status":"closed","ping_status":"closed","template":"","meta":{"footnotes":""},"class_list":["post-410","page","type-page","status-publish","hentry"],"yoast_head":"<!-- This site is optimized with the Yoast SEO plugin v22.4 - https:\/\/yoast.com\/wordpress\/plugins\/seo\/ -->\n<title>A Elo Capelania - Elo Capelania<\/title>\n<meta name=\"robots\" content=\"index, follow, max-snippet:-1, max-image-preview:large, max-video-preview:-1\" \/>\n<link rel=\"canonical\" href=\"https:\/\/elocapelania.org.br\/10-anos-capelania\/a-elo-capelania\/\" \/>\n<meta property=\"og:locale\" content=\"pt_BR\" \/>\n<meta property=\"og:type\" content=\"article\" \/>\n<meta property=\"og:title\" content=\"A Elo Capelania - Elo Capelania\" \/>\n<meta property=\"og:description\" content=\"A Elo Capelania \u00e9 uma organiza\u00e7\u00e3o que realiza assist\u00eancia espiritual na sa\u00fade, mais especificamente do Hospital do Rocio e Hospital do Centro em Campo Largo, regi\u00e3o metropolitana de Curitiba. Acolhendo os pacientes e seus familiares, assim como tamb\u00e9m com os trabalhadores do hospital, sejam m\u00e9dicos, enfermeiros, psic\u00f3logos, assistentes sociais, terapeutas, ouvidores, e outros funcion\u00e1rios das [&hellip;]\" \/>\n<meta property=\"og:url\" content=\"https:\/\/elocapelania.org.br\/10-anos-capelania\/a-elo-capelania\/\" \/>\n<meta property=\"og:site_name\" content=\"Elo Capelania\" \/>\n<meta property=\"article:modified_time\" content=\"2024-08-06T21:51:11+00:00\" \/>\n<meta name=\"twitter:card\" content=\"summary_large_image\" \/>\n<meta name=\"twitter:label1\" content=\"Est. tempo de leitura\" \/>\n\t<meta name=\"twitter:data1\" content=\"2 minutos\" \/>\n<script type=\"application\/ld+json\" class=\"yoast-schema-graph\">{\"@context\":\"https:\/\/schema.org\",\"@graph\":[{\"@type\":\"WebPage\",\"@id\":\"https:\/\/elocapelania.org.br\/10-anos-capelania\/a-elo-capelania\/\",\"url\":\"https:\/\/elocapelania.org.br\/10-anos-capelania\/a-elo-capelania\/\",\"name\":\"A Elo Capelania - Elo Capelania\",\"isPartOf\":{\"@id\":\"https:\/\/elocapelania.org.br\/10-anos-capelania\/#website\"},\"datePublished\":\"2021-04-03T21:25:50+00:00\",\"dateModified\":\"2024-08-06T21:51:11+00:00\",\"breadcrumb\":{\"@id\":\"https:\/\/elocapelania.org.br\/10-anos-capelania\/a-elo-capelania\/#breadcrumb\"},\"inLanguage\":\"pt-BR\",\"potentialAction\":[{\"@type\":\"ReadAction\",\"target\":[\"https:\/\/elocapelania.org.br\/10-anos-capelania\/a-elo-capelania\/\"]}]},{\"@type\":\"BreadcrumbList\",\"@id\":\"https:\/\/elocapelania.org.br\/10-anos-capelania\/a-elo-capelania\/#breadcrumb\",\"itemListElement\":[{\"@type\":\"ListItem\",\"position\":1,\"name\":\"In\u00edcio\",\"item\":\"https:\/\/elocapelania.org.br\/10-anos-capelania\/\"},{\"@type\":\"ListItem\",\"position\":2,\"name\":\"A Elo Capelania\"}]},{\"@type\":\"WebSite\",\"@id\":\"https:\/\/elocapelania.org.br\/10-anos-capelania\/#website\",\"url\":\"https:\/\/elocapelania.org.br\/10-anos-capelania\/\",\"name\":\"Elo Capelania\",\"description\":\"\",\"publisher\":{\"@id\":\"https:\/\/elocapelania.org.br\/10-anos-capelania\/#organization\"},\"potentialAction\":[{\"@type\":\"SearchAction\",\"target\":{\"@type\":\"EntryPoint\",\"urlTemplate\":\"https:\/\/elocapelania.org.br\/10-anos-capelania\/?s={search_term_string}\"},\"query-input\":\"required name=search_term_string\"}],\"inLanguage\":\"pt-BR\"},{\"@type\":\"Organization\",\"@id\":\"https:\/\/elocapelania.org.br\/10-anos-capelania\/#organization\",\"name\":\"Elo Capelania\",\"url\":\"https:\/\/elocapelania.org.br\/10-anos-capelania\/\",\"logo\":{\"@type\":\"ImageObject\",\"inLanguage\":\"pt-BR\",\"@id\":\"https:\/\/elocapelania.org.br\/10-anos-capelania\/#\/schema\/logo\/image\/\",\"url\":\"https:\/\/elocapelania.org.br\/wp-content\/uploads\/2025\/08\/SELO_10_ANOS_v9-04.png\",\"contentUrl\":\"https:\/\/elocapelania.org.br\/wp-content\/uploads\/2025\/08\/SELO_10_ANOS_v9-04.png\",\"width\":735,\"height\":347,\"caption\":\"Elo Capelania\"},\"image\":{\"@id\":\"https:\/\/elocapelania.org.br\/10-anos-capelania\/#\/schema\/logo\/image\/\"}}]}<\/script>\n<!-- \/ Yoast SEO plugin. -->","yoast_head_json":{"title":"A Elo Capelania - Elo Capelania","robots":{"index":"index","follow":"follow","max-snippet":"max-snippet:-1","max-image-preview":"max-image-preview:large","max-video-preview":"max-video-preview:-1"},"canonical":"https:\/\/elocapelania.org.br\/10-anos-capelania\/a-elo-capelania\/","og_locale":"pt_BR","og_type":"article","og_title":"A Elo Capelania - Elo Capelania","og_description":"A Elo Capelania \u00e9 uma organiza\u00e7\u00e3o que realiza assist\u00eancia espiritual na sa\u00fade, mais especificamente do Hospital do Rocio e Hospital do Centro em Campo Largo, regi\u00e3o metropolitana de Curitiba. Acolhendo os pacientes e seus familiares, assim como tamb\u00e9m com os trabalhadores do hospital, sejam m\u00e9dicos, enfermeiros, psic\u00f3logos, assistentes sociais, terapeutas, ouvidores, e outros funcion\u00e1rios das [&hellip;]","og_url":"https:\/\/elocapelania.org.br\/10-anos-capelania\/a-elo-capelania\/","og_site_name":"Elo Capelania","article_modified_time":"2024-08-06T21:51:11+00:00","twitter_card":"summary_large_image","twitter_misc":{"Est. tempo de leitura":"2 minutos"},"schema":{"@context":"https:\/\/schema.org","@graph":[{"@type":"WebPage","@id":"https:\/\/elocapelania.org.br\/10-anos-capelania\/a-elo-capelania\/","url":"https:\/\/elocapelania.org.br\/10-anos-capelania\/a-elo-capelania\/","name":"A Elo Capelania - Elo Capelania","isPartOf":{"@id":"https:\/\/elocapelania.org.br\/10-anos-capelania\/#website"},"datePublished":"2021-04-03T21:25:50+00:00","dateModified":"2024-08-06T21:51:11+00:00","breadcrumb":{"@id":"https:\/\/elocapelania.org.br\/10-anos-capelania\/a-elo-capelania\/#breadcrumb"},"inLanguage":"pt-BR","potentialAction":[{"@type":"ReadAction","target":["https:\/\/elocapelania.org.br\/10-anos-capelania\/a-elo-capelania\/"]}]},{"@type":"BreadcrumbList","@id":"https:\/\/elocapelania.org.br\/10-anos-capelania\/a-elo-capelania\/#breadcrumb","itemListElement":[{"@type":"ListItem","position":1,"name":"In\u00edcio","item":"https:\/\/elocapelania.org.br\/10-anos-capelania\/"},{"@type":"ListItem","position":2,"name":"A Elo Capelania"}]},{"@type":"WebSite","@id":"https:\/\/elocapelania.org.br\/10-anos-capelania\/#website","url":"https:\/\/elocapelania.org.br\/10-anos-capelania\/","name":"Elo Capelania","description":"","publisher":{"@id":"https:\/\/elocapelania.org.br\/10-anos-capelania\/#organization"},"potentialAction":[{"@type":"SearchAction","target":{"@type":"EntryPoint","urlTemplate":"https:\/\/elocapelania.org.br\/10-anos-capelania\/?s={search_term_string}"},"query-input":"required name=search_term_string"}],"inLanguage":"pt-BR"},{"@type":"Organization","@id":"https:\/\/elocapelania.org.br\/10-anos-capelania\/#organization","name":"Elo Capelania","url":"https:\/\/elocapelania.org.br\/10-anos-capelania\/","logo":{"@type":"ImageObject","inLanguage":"pt-BR","@id":"https:\/\/elocapelania.org.br\/10-anos-capelania\/#\/schema\/logo\/image\/","url":"https:\/\/elocapelania.org.br\/wp-content\/uploads\/2025\/08\/SELO_10_ANOS_v9-04.png","contentUrl":"https:\/\/elocapelania.org.br\/wp-content\/uploads\/2025\/08\/SELO_10_ANOS_v9-04.png","width":735,"height":347,"caption":"Elo Capelania"},"image":{"@id":"https:\/\/elocapelania.org.br\/10-anos-capelania\/#\/schema\/logo\/image\/"}}]}},"_links":{"self":[{"href":"https:\/\/elocapelania.org.br\/10-anos-capelania\/wp-json\/wp\/v2\/pages\/410","targetHints":{"allow":["GET"]}}],"collection":[{"href":"https:\/\/elocapelania.org.br\/10-anos-capelania\/wp-json\/wp\/v2\/pages"}],"about":[{"href":"https:\/\/elocapelania.org.br\/10-anos-capelania\/wp-json\/wp\/v2\/types\/page"}],"author":[{"embeddable":true,"href":"https:\/\/elocapelania.org.br\/10-anos-capelania\/wp-json\/wp\/v2\/users\/1"}],"replies":[{"embeddable":true,"href":"https:\/\/elocapelania.org.br\/10-anos-capelania\/wp-json\/wp\/v2\/comments?post=410"}],"version-history":[{"count":14,"href":"https:\/\/elocapelania.org.br\/10-anos-capelania\/wp-json\/wp\/v2\/pages\/410\/revisions"}],"predecessor-version":[{"id":896,"href":"https:\/\/elocapelania.org.br\/10-anos-capelania\/wp-json\/wp\/v2\/pages\/410\/revisions\/896"}],"wp:attachment":[{"href":"https:\/\/elocapelania.org.br\/10-anos-capelania\/wp-json\/wp\/v2\/media?parent=410"}],"curies":[{"name":"wp","href":"https:\/\/api.w.org\/{rel}","templated":true}]}}