{"id":517,"date":"2021-05-07T14:44:13","date_gmt":"2021-05-07T17:44:13","guid":{"rendered":"https:\/\/elocapelania.org.br\/?page_id=517"},"modified":"2021-10-06T19:30:07","modified_gmt":"2021-10-06T22:30:07","slug":"elo-acolher-remoto","status":"publish","type":"page","link":"https:\/\/elocapelania.org.br\/10-anos-capelania\/elo-acolher-remoto\/","title":{"rendered":"Elo Acolher"},"content":{"rendered":"<p>Elo Acolher \u00e9 um dos Programas da Elo Capelania que est\u00e1 comprometido com o Acolhimento Espiritual de nosso p\u00fablico (pacientes e seus acompanhantes, todos os colaboradores do hospital e os volunt\u00e1rios), s\u00e3o diversos projetos, na modalidade presencial ou remota, projetos como Acolhimento espiritual Remoto de Familiares e Familiares Enlutados; Visita\u00e7\u00e3o Presencial de Pacientes; Acolhimento Presencial de Familiares, Acolhimento Presencial de Profissionais e Colaboradores, entre outro.<\/p>\n<p><img fetchpriority=\"high\" decoding=\"async\" class=\"aligncenter size-large wp-image-820\" src=\"https:\/\/elocapelania.org.br\/wp-content\/uploads\/2021\/10\/Apresentacao-Elo-Capelania-6-1024x576.png\" alt=\"\" width=\"525\" height=\"295\" srcset=\"https:\/\/elocapelania.org.br\/wp-content\/uploads\/2021\/10\/Apresentacao-Elo-Capelania-6-1024x576.png 1024w, https:\/\/elocapelania.org.br\/wp-content\/uploads\/2021\/10\/Apresentacao-Elo-Capelania-6-300x169.png 300w, https:\/\/elocapelania.org.br\/wp-content\/uploads\/2021\/10\/Apresentacao-Elo-Capelania-6-768x432.png 768w, https:\/\/elocapelania.org.br\/wp-content\/uploads\/2021\/10\/Apresentacao-Elo-Capelania-6-1536x864.png 1536w, https:\/\/elocapelania.org.br\/wp-content\/uploads\/2021\/10\/Apresentacao-Elo-Capelania-6.png 1920w\" sizes=\"(max-width: 525px) 100vw, 525px\" \/><\/p>\n","protected":false},"excerpt":{"rendered":"<p>Elo Acolher \u00e9 um dos Programas da Elo Capelania que est\u00e1 comprometido com o Acolhimento Espiritual de nosso p\u00fablico (pacientes e seus acompanhantes, todos os colaboradores do hospital e os volunt\u00e1rios), s\u00e3o diversos projetos, na modalidade presencial ou remota, projetos como Acolhimento espiritual Remoto de Familiares e Familiares Enlutados; Visita\u00e7\u00e3o Presencial de Pacientes; Acolhimento Presencial [&hellip;]<\/p>\n","protected":false},"author":1,"featured_media":0,"parent":0,"menu_order":0,"comment_status":"closed","ping_status":"closed","template":"","meta":{"footnotes":""},"class_list":["post-517","page","type-page","status-publish","hentry"],"yoast_head":"<!-- This site is optimized with the Yoast SEO plugin v22.4 - https:\/\/yoast.com\/wordpress\/plugins\/seo\/ -->\n<title>Elo Acolher - Elo Capelania<\/title>\n<meta name=\"robots\" content=\"index, follow, max-snippet:-1, max-image-preview:large, max-video-preview:-1\" \/>\n<link rel=\"canonical\" href=\"https:\/\/elocapelania.org.br\/10-anos-capelania\/elo-acolher-remoto\/\" \/>\n<meta property=\"og:locale\" content=\"pt_BR\" \/>\n<meta property=\"og:type\" content=\"article\" \/>\n<meta property=\"og:title\" content=\"Elo Acolher - Elo Capelania\" \/>\n<meta property=\"og:description\" content=\"Elo Acolher \u00e9 um dos Programas da Elo Capelania que est\u00e1 comprometido com o Acolhimento Espiritual de nosso p\u00fablico (pacientes e seus acompanhantes, todos os colaboradores do hospital e os volunt\u00e1rios), s\u00e3o diversos projetos, na modalidade presencial ou remota, projetos como Acolhimento espiritual Remoto de Familiares e Familiares Enlutados; Visita\u00e7\u00e3o Presencial de Pacientes; Acolhimento Presencial [&hellip;]\" \/>\n<meta property=\"og:url\" content=\"https:\/\/elocapelania.org.br\/10-anos-capelania\/elo-acolher-remoto\/\" \/>\n<meta property=\"og:site_name\" content=\"Elo Capelania\" \/>\n<meta property=\"article:modified_time\" content=\"2021-10-06T22:30:07+00:00\" \/>\n<meta property=\"og:image\" content=\"https:\/\/elocapelania.org.br\/wp-content\/uploads\/2021\/10\/Apresentacao-Elo-Capelania-6-1024x576.png\" \/>\n<meta name=\"twitter:card\" content=\"summary_large_image\" \/>\n<meta name=\"twitter:label1\" content=\"Est. tempo de leitura\" \/>\n\t<meta name=\"twitter:data1\" content=\"1 minuto\" \/>\n<script type=\"application\/ld+json\" class=\"yoast-schema-graph\">{\"@context\":\"https:\/\/schema.org\",\"@graph\":[{\"@type\":\"WebPage\",\"@id\":\"https:\/\/elocapelania.org.br\/10-anos-capelania\/elo-acolher-remoto\/\",\"url\":\"https:\/\/elocapelania.org.br\/10-anos-capelania\/elo-acolher-remoto\/\",\"name\":\"Elo Acolher - Elo Capelania\",\"isPartOf\":{\"@id\":\"https:\/\/elocapelania.org.br\/10-anos-capelania\/#website\"},\"primaryImageOfPage\":{\"@id\":\"https:\/\/elocapelania.org.br\/10-anos-capelania\/elo-acolher-remoto\/#primaryimage\"},\"image\":{\"@id\":\"https:\/\/elocapelania.org.br\/10-anos-capelania\/elo-acolher-remoto\/#primaryimage\"},\"thumbnailUrl\":\"https:\/\/elocapelania.org.br\/wp-content\/uploads\/2021\/10\/Apresentacao-Elo-Capelania-6-1024x576.png\",\"datePublished\":\"2021-05-07T17:44:13+00:00\",\"dateModified\":\"2021-10-06T22:30:07+00:00\",\"breadcrumb\":{\"@id\":\"https:\/\/elocapelania.org.br\/10-anos-capelania\/elo-acolher-remoto\/#breadcrumb\"},\"inLanguage\":\"pt-BR\",\"potentialAction\":[{\"@type\":\"ReadAction\",\"target\":[\"https:\/\/elocapelania.org.br\/10-anos-capelania\/elo-acolher-remoto\/\"]}]},{\"@type\":\"ImageObject\",\"inLanguage\":\"pt-BR\",\"@id\":\"https:\/\/elocapelania.org.br\/10-anos-capelania\/elo-acolher-remoto\/#primaryimage\",\"url\":\"https:\/\/elocapelania.org.br\/wp-content\/uploads\/2021\/10\/Apresentacao-Elo-Capelania-6-1024x576.png\",\"contentUrl\":\"https:\/\/elocapelania.org.br\/wp-content\/uploads\/2021\/10\/Apresentacao-Elo-Capelania-6-1024x576.png\"},{\"@type\":\"BreadcrumbList\",\"@id\":\"https:\/\/elocapelania.org.br\/10-anos-capelania\/elo-acolher-remoto\/#breadcrumb\",\"itemListElement\":[{\"@type\":\"ListItem\",\"position\":1,\"name\":\"In\u00edcio\",\"item\":\"https:\/\/elocapelania.org.br\/10-anos-capelania\/\"},{\"@type\":\"ListItem\",\"position\":2,\"name\":\"Elo Acolher\"}]},{\"@type\":\"WebSite\",\"@id\":\"https:\/\/elocapelania.org.br\/10-anos-capelania\/#website\",\"url\":\"https:\/\/elocapelania.org.br\/10-anos-capelania\/\",\"name\":\"Elo Capelania\",\"description\":\"\",\"publisher\":{\"@id\":\"https:\/\/elocapelania.org.br\/10-anos-capelania\/#organization\"},\"potentialAction\":[{\"@type\":\"SearchAction\",\"target\":{\"@type\":\"EntryPoint\",\"urlTemplate\":\"https:\/\/elocapelania.org.br\/10-anos-capelania\/?s={search_term_string}\"},\"query-input\":\"required name=search_term_string\"}],\"inLanguage\":\"pt-BR\"},{\"@type\":\"Organization\",\"@id\":\"https:\/\/elocapelania.org.br\/10-anos-capelania\/#organization\",\"name\":\"Elo Capelania\",\"url\":\"https:\/\/elocapelania.org.br\/10-anos-capelania\/\",\"logo\":{\"@type\":\"ImageObject\",\"inLanguage\":\"pt-BR\",\"@id\":\"https:\/\/elocapelania.org.br\/10-anos-capelania\/#\/schema\/logo\/image\/\",\"url\":\"https:\/\/elocapelania.org.br\/wp-content\/uploads\/2025\/08\/SELO_10_ANOS_v9-04.png\",\"contentUrl\":\"https:\/\/elocapelania.org.br\/wp-content\/uploads\/2025\/08\/SELO_10_ANOS_v9-04.png\",\"width\":735,\"height\":347,\"caption\":\"Elo Capelania\"},\"image\":{\"@id\":\"https:\/\/elocapelania.org.br\/10-anos-capelania\/#\/schema\/logo\/image\/\"}}]}<\/script>\n<!-- \/ Yoast SEO plugin. -->","yoast_head_json":{"title":"Elo Acolher - Elo Capelania","robots":{"index":"index","follow":"follow","max-snippet":"max-snippet:-1","max-image-preview":"max-image-preview:large","max-video-preview":"max-video-preview:-1"},"canonical":"https:\/\/elocapelania.org.br\/10-anos-capelania\/elo-acolher-remoto\/","og_locale":"pt_BR","og_type":"article","og_title":"Elo Acolher - Elo Capelania","og_description":"Elo Acolher \u00e9 um dos Programas da Elo Capelania que est\u00e1 comprometido com o Acolhimento Espiritual de nosso p\u00fablico (pacientes e seus acompanhantes, todos os colaboradores do hospital e os volunt\u00e1rios), s\u00e3o diversos projetos, na modalidade presencial ou remota, projetos como Acolhimento espiritual Remoto de Familiares e Familiares Enlutados; Visita\u00e7\u00e3o Presencial de Pacientes; Acolhimento Presencial [&hellip;]","og_url":"https:\/\/elocapelania.org.br\/10-anos-capelania\/elo-acolher-remoto\/","og_site_name":"Elo Capelania","article_modified_time":"2021-10-06T22:30:07+00:00","og_image":[{"url":"https:\/\/elocapelania.org.br\/wp-content\/uploads\/2021\/10\/Apresentacao-Elo-Capelania-6-1024x576.png"}],"twitter_card":"summary_large_image","twitter_misc":{"Est. tempo de leitura":"1 minuto"},"schema":{"@context":"https:\/\/schema.org","@graph":[{"@type":"WebPage","@id":"https:\/\/elocapelania.org.br\/10-anos-capelania\/elo-acolher-remoto\/","url":"https:\/\/elocapelania.org.br\/10-anos-capelania\/elo-acolher-remoto\/","name":"Elo Acolher - Elo Capelania","isPartOf":{"@id":"https:\/\/elocapelania.org.br\/10-anos-capelania\/#website"},"primaryImageOfPage":{"@id":"https:\/\/elocapelania.org.br\/10-anos-capelania\/elo-acolher-remoto\/#primaryimage"},"image":{"@id":"https:\/\/elocapelania.org.br\/10-anos-capelania\/elo-acolher-remoto\/#primaryimage"},"thumbnailUrl":"https:\/\/elocapelania.org.br\/wp-content\/uploads\/2021\/10\/Apresentacao-Elo-Capelania-6-1024x576.png","datePublished":"2021-05-07T17:44:13+00:00","dateModified":"2021-10-06T22:30:07+00:00","breadcrumb":{"@id":"https:\/\/elocapelania.org.br\/10-anos-capelania\/elo-acolher-remoto\/#breadcrumb"},"inLanguage":"pt-BR","potentialAction":[{"@type":"ReadAction","target":["https:\/\/elocapelania.org.br\/10-anos-capelania\/elo-acolher-remoto\/"]}]},{"@type":"ImageObject","inLanguage":"pt-BR","@id":"https:\/\/elocapelania.org.br\/10-anos-capelania\/elo-acolher-remoto\/#primaryimage","url":"https:\/\/elocapelania.org.br\/wp-content\/uploads\/2021\/10\/Apresentacao-Elo-Capelania-6-1024x576.png","contentUrl":"https:\/\/elocapelania.org.br\/wp-content\/uploads\/2021\/10\/Apresentacao-Elo-Capelania-6-1024x576.png"},{"@type":"BreadcrumbList","@id":"https:\/\/elocapelania.org.br\/10-anos-capelania\/elo-acolher-remoto\/#breadcrumb","itemListElement":[{"@type":"ListItem","position":1,"name":"In\u00edcio","item":"https:\/\/elocapelania.org.br\/10-anos-capelania\/"},{"@type":"ListItem","position":2,"name":"Elo Acolher"}]},{"@type":"WebSite","@id":"https:\/\/elocapelania.org.br\/10-anos-capelania\/#website","url":"https:\/\/elocapelania.org.br\/10-anos-capelania\/","name":"Elo Capelania","description":"","publisher":{"@id":"https:\/\/elocapelania.org.br\/10-anos-capelania\/#organization"},"potentialAction":[{"@type":"SearchAction","target":{"@type":"EntryPoint","urlTemplate":"https:\/\/elocapelania.org.br\/10-anos-capelania\/?s={search_term_string}"},"query-input":"required name=search_term_string"}],"inLanguage":"pt-BR"},{"@type":"Organization","@id":"https:\/\/elocapelania.org.br\/10-anos-capelania\/#organization","name":"Elo Capelania","url":"https:\/\/elocapelania.org.br\/10-anos-capelania\/","logo":{"@type":"ImageObject","inLanguage":"pt-BR","@id":"https:\/\/elocapelania.org.br\/10-anos-capelania\/#\/schema\/logo\/image\/","url":"https:\/\/elocapelania.org.br\/wp-content\/uploads\/2025\/08\/SELO_10_ANOS_v9-04.png","contentUrl":"https:\/\/elocapelania.org.br\/wp-content\/uploads\/2025\/08\/SELO_10_ANOS_v9-04.png","width":735,"height":347,"caption":"Elo Capelania"},"image":{"@id":"https:\/\/elocapelania.org.br\/10-anos-capelania\/#\/schema\/logo\/image\/"}}]}},"_links":{"self":[{"href":"https:\/\/elocapelania.org.br\/10-anos-capelania\/wp-json\/wp\/v2\/pages\/517","targetHints":{"allow":["GET"]}}],"collection":[{"href":"https:\/\/elocapelania.org.br\/10-anos-capelania\/wp-json\/wp\/v2\/pages"}],"about":[{"href":"https:\/\/elocapelania.org.br\/10-anos-capelania\/wp-json\/wp\/v2\/types\/page"}],"author":[{"embeddable":true,"href":"https:\/\/elocapelania.org.br\/10-anos-capelania\/wp-json\/wp\/v2\/users\/1"}],"replies":[{"embeddable":true,"href":"https:\/\/elocapelania.org.br\/10-anos-capelania\/wp-json\/wp\/v2\/comments?post=517"}],"version-history":[{"count":5,"href":"https:\/\/elocapelania.org.br\/10-anos-capelania\/wp-json\/wp\/v2\/pages\/517\/revisions"}],"predecessor-version":[{"id":821,"href":"https:\/\/elocapelania.org.br\/10-anos-capelania\/wp-json\/wp\/v2\/pages\/517\/revisions\/821"}],"wp:attachment":[{"href":"https:\/\/elocapelania.org.br\/10-anos-capelania\/wp-json\/wp\/v2\/media?parent=517"}],"curies":[{"name":"wp","href":"https:\/\/api.w.org\/{rel}","templated":true}]}}