{"id":519,"date":"2021-05-07T14:44:26","date_gmt":"2021-05-07T17:44:26","guid":{"rendered":"https:\/\/elocapelania.org.br\/?page_id=519"},"modified":"2021-10-06T19:23:25","modified_gmt":"2021-10-06T22:23:25","slug":"gente-presente","status":"publish","type":"page","link":"https:\/\/elocapelania.org.br\/10-anos-capelania\/gente-presente\/","title":{"rendered":"Gente Presente"},"content":{"rendered":"<div class=\"wpb_text_column wpb_content_element vc_custom_1632918959540\">\n<div class=\"wpb_wrapper\">\n<p>Gente Presente \u00e9 um Programa que favorece a participa\u00e7\u00e3o de Igrejas, Institui\u00e7\u00f5es e interessados em promover a\u00e7\u00f5es de f\u00e9, beleza, solidariedade ao nosso p\u00fablico. Gente Presente \u00e9 a Igreja e outros parceiros no Hospital com can\u00e7\u00e3o, ora\u00e7\u00e3o e doa\u00e7\u00e3o.<\/p>\n<p><img fetchpriority=\"high\" decoding=\"async\" class=\"aligncenter size-large wp-image-814\" src=\"https:\/\/elocapelania.org.br\/wp-content\/uploads\/2021\/10\/Apresentacao-Elo-Capelania-2-1024x576.png\" alt=\"\" width=\"525\" height=\"295\" srcset=\"https:\/\/elocapelania.org.br\/wp-content\/uploads\/2021\/10\/Apresentacao-Elo-Capelania-2-1024x576.png 1024w, https:\/\/elocapelania.org.br\/wp-content\/uploads\/2021\/10\/Apresentacao-Elo-Capelania-2-300x169.png 300w, https:\/\/elocapelania.org.br\/wp-content\/uploads\/2021\/10\/Apresentacao-Elo-Capelania-2-768x432.png 768w, https:\/\/elocapelania.org.br\/wp-content\/uploads\/2021\/10\/Apresentacao-Elo-Capelania-2-1536x864.png 1536w, https:\/\/elocapelania.org.br\/wp-content\/uploads\/2021\/10\/Apresentacao-Elo-Capelania-2.png 1920w\" sizes=\"(max-width: 525px) 100vw, 525px\" \/><\/p>\n<\/div>\n<\/div>\n","protected":false},"excerpt":{"rendered":"<p>Gente Presente \u00e9 um Programa que favorece a participa\u00e7\u00e3o de Igrejas, Institui\u00e7\u00f5es e interessados em promover a\u00e7\u00f5es de f\u00e9, beleza, solidariedade ao nosso p\u00fablico. Gente Presente \u00e9 a Igreja e outros parceiros no Hospital com can\u00e7\u00e3o, ora\u00e7\u00e3o e doa\u00e7\u00e3o.<\/p>\n","protected":false},"author":1,"featured_media":0,"parent":0,"menu_order":0,"comment_status":"closed","ping_status":"closed","template":"","meta":{"footnotes":""},"class_list":["post-519","page","type-page","status-publish","hentry"],"yoast_head":"<!-- This site is optimized with the Yoast SEO plugin v22.4 - https:\/\/yoast.com\/wordpress\/plugins\/seo\/ -->\n<title>Gente Presente - Elo Capelania<\/title>\n<meta name=\"robots\" content=\"index, follow, max-snippet:-1, max-image-preview:large, max-video-preview:-1\" \/>\n<link rel=\"canonical\" href=\"https:\/\/elocapelania.org.br\/10-anos-capelania\/gente-presente\/\" \/>\n<meta property=\"og:locale\" content=\"pt_BR\" \/>\n<meta property=\"og:type\" content=\"article\" \/>\n<meta property=\"og:title\" content=\"Gente Presente - Elo Capelania\" \/>\n<meta property=\"og:description\" content=\"Gente Presente \u00e9 um Programa que favorece a participa\u00e7\u00e3o de Igrejas, Institui\u00e7\u00f5es e interessados em promover a\u00e7\u00f5es de f\u00e9, beleza, solidariedade ao nosso p\u00fablico. Gente Presente \u00e9 a Igreja e outros parceiros no Hospital com can\u00e7\u00e3o, ora\u00e7\u00e3o e doa\u00e7\u00e3o.\" \/>\n<meta property=\"og:url\" content=\"https:\/\/elocapelania.org.br\/10-anos-capelania\/gente-presente\/\" \/>\n<meta property=\"og:site_name\" content=\"Elo Capelania\" \/>\n<meta property=\"article:modified_time\" content=\"2021-10-06T22:23:25+00:00\" \/>\n<meta property=\"og:image\" content=\"https:\/\/elocapelania.org.br\/wp-content\/uploads\/2021\/10\/Apresentacao-Elo-Capelania-2-1024x576.png\" \/>\n<meta name=\"twitter:card\" content=\"summary_large_image\" \/>\n<meta name=\"twitter:label1\" content=\"Est. tempo de leitura\" \/>\n\t<meta name=\"twitter:data1\" content=\"1 minuto\" \/>\n<script type=\"application\/ld+json\" class=\"yoast-schema-graph\">{\"@context\":\"https:\/\/schema.org\",\"@graph\":[{\"@type\":\"WebPage\",\"@id\":\"https:\/\/elocapelania.org.br\/10-anos-capelania\/gente-presente\/\",\"url\":\"https:\/\/elocapelania.org.br\/10-anos-capelania\/gente-presente\/\",\"name\":\"Gente Presente - Elo Capelania\",\"isPartOf\":{\"@id\":\"https:\/\/elocapelania.org.br\/10-anos-capelania\/#website\"},\"primaryImageOfPage\":{\"@id\":\"https:\/\/elocapelania.org.br\/10-anos-capelania\/gente-presente\/#primaryimage\"},\"image\":{\"@id\":\"https:\/\/elocapelania.org.br\/10-anos-capelania\/gente-presente\/#primaryimage\"},\"thumbnailUrl\":\"https:\/\/elocapelania.org.br\/wp-content\/uploads\/2021\/10\/Apresentacao-Elo-Capelania-2-1024x576.png\",\"datePublished\":\"2021-05-07T17:44:26+00:00\",\"dateModified\":\"2021-10-06T22:23:25+00:00\",\"breadcrumb\":{\"@id\":\"https:\/\/elocapelania.org.br\/10-anos-capelania\/gente-presente\/#breadcrumb\"},\"inLanguage\":\"pt-BR\",\"potentialAction\":[{\"@type\":\"ReadAction\",\"target\":[\"https:\/\/elocapelania.org.br\/10-anos-capelania\/gente-presente\/\"]}]},{\"@type\":\"ImageObject\",\"inLanguage\":\"pt-BR\",\"@id\":\"https:\/\/elocapelania.org.br\/10-anos-capelania\/gente-presente\/#primaryimage\",\"url\":\"https:\/\/elocapelania.org.br\/wp-content\/uploads\/2021\/10\/Apresentacao-Elo-Capelania-2-1024x576.png\",\"contentUrl\":\"https:\/\/elocapelania.org.br\/wp-content\/uploads\/2021\/10\/Apresentacao-Elo-Capelania-2-1024x576.png\"},{\"@type\":\"BreadcrumbList\",\"@id\":\"https:\/\/elocapelania.org.br\/10-anos-capelania\/gente-presente\/#breadcrumb\",\"itemListElement\":[{\"@type\":\"ListItem\",\"position\":1,\"name\":\"In\u00edcio\",\"item\":\"https:\/\/elocapelania.org.br\/10-anos-capelania\/\"},{\"@type\":\"ListItem\",\"position\":2,\"name\":\"Gente Presente\"}]},{\"@type\":\"WebSite\",\"@id\":\"https:\/\/elocapelania.org.br\/10-anos-capelania\/#website\",\"url\":\"https:\/\/elocapelania.org.br\/10-anos-capelania\/\",\"name\":\"Elo Capelania\",\"description\":\"\",\"publisher\":{\"@id\":\"https:\/\/elocapelania.org.br\/10-anos-capelania\/#organization\"},\"potentialAction\":[{\"@type\":\"SearchAction\",\"target\":{\"@type\":\"EntryPoint\",\"urlTemplate\":\"https:\/\/elocapelania.org.br\/10-anos-capelania\/?s={search_term_string}\"},\"query-input\":\"required name=search_term_string\"}],\"inLanguage\":\"pt-BR\"},{\"@type\":\"Organization\",\"@id\":\"https:\/\/elocapelania.org.br\/10-anos-capelania\/#organization\",\"name\":\"Elo Capelania\",\"url\":\"https:\/\/elocapelania.org.br\/10-anos-capelania\/\",\"logo\":{\"@type\":\"ImageObject\",\"inLanguage\":\"pt-BR\",\"@id\":\"https:\/\/elocapelania.org.br\/10-anos-capelania\/#\/schema\/logo\/image\/\",\"url\":\"https:\/\/elocapelania.org.br\/wp-content\/uploads\/2025\/08\/SELO_10_ANOS_v9-04.png\",\"contentUrl\":\"https:\/\/elocapelania.org.br\/wp-content\/uploads\/2025\/08\/SELO_10_ANOS_v9-04.png\",\"width\":735,\"height\":347,\"caption\":\"Elo Capelania\"},\"image\":{\"@id\":\"https:\/\/elocapelania.org.br\/10-anos-capelania\/#\/schema\/logo\/image\/\"}}]}<\/script>\n<!-- \/ Yoast SEO plugin. -->","yoast_head_json":{"title":"Gente Presente - Elo Capelania","robots":{"index":"index","follow":"follow","max-snippet":"max-snippet:-1","max-image-preview":"max-image-preview:large","max-video-preview":"max-video-preview:-1"},"canonical":"https:\/\/elocapelania.org.br\/10-anos-capelania\/gente-presente\/","og_locale":"pt_BR","og_type":"article","og_title":"Gente Presente - Elo Capelania","og_description":"Gente Presente \u00e9 um Programa que favorece a participa\u00e7\u00e3o de Igrejas, Institui\u00e7\u00f5es e interessados em promover a\u00e7\u00f5es de f\u00e9, beleza, solidariedade ao nosso p\u00fablico. Gente Presente \u00e9 a Igreja e outros parceiros no Hospital com can\u00e7\u00e3o, ora\u00e7\u00e3o e doa\u00e7\u00e3o.","og_url":"https:\/\/elocapelania.org.br\/10-anos-capelania\/gente-presente\/","og_site_name":"Elo Capelania","article_modified_time":"2021-10-06T22:23:25+00:00","og_image":[{"url":"https:\/\/elocapelania.org.br\/wp-content\/uploads\/2021\/10\/Apresentacao-Elo-Capelania-2-1024x576.png"}],"twitter_card":"summary_large_image","twitter_misc":{"Est. tempo de leitura":"1 minuto"},"schema":{"@context":"https:\/\/schema.org","@graph":[{"@type":"WebPage","@id":"https:\/\/elocapelania.org.br\/10-anos-capelania\/gente-presente\/","url":"https:\/\/elocapelania.org.br\/10-anos-capelania\/gente-presente\/","name":"Gente Presente - Elo Capelania","isPartOf":{"@id":"https:\/\/elocapelania.org.br\/10-anos-capelania\/#website"},"primaryImageOfPage":{"@id":"https:\/\/elocapelania.org.br\/10-anos-capelania\/gente-presente\/#primaryimage"},"image":{"@id":"https:\/\/elocapelania.org.br\/10-anos-capelania\/gente-presente\/#primaryimage"},"thumbnailUrl":"https:\/\/elocapelania.org.br\/wp-content\/uploads\/2021\/10\/Apresentacao-Elo-Capelania-2-1024x576.png","datePublished":"2021-05-07T17:44:26+00:00","dateModified":"2021-10-06T22:23:25+00:00","breadcrumb":{"@id":"https:\/\/elocapelania.org.br\/10-anos-capelania\/gente-presente\/#breadcrumb"},"inLanguage":"pt-BR","potentialAction":[{"@type":"ReadAction","target":["https:\/\/elocapelania.org.br\/10-anos-capelania\/gente-presente\/"]}]},{"@type":"ImageObject","inLanguage":"pt-BR","@id":"https:\/\/elocapelania.org.br\/10-anos-capelania\/gente-presente\/#primaryimage","url":"https:\/\/elocapelania.org.br\/wp-content\/uploads\/2021\/10\/Apresentacao-Elo-Capelania-2-1024x576.png","contentUrl":"https:\/\/elocapelania.org.br\/wp-content\/uploads\/2021\/10\/Apresentacao-Elo-Capelania-2-1024x576.png"},{"@type":"BreadcrumbList","@id":"https:\/\/elocapelania.org.br\/10-anos-capelania\/gente-presente\/#breadcrumb","itemListElement":[{"@type":"ListItem","position":1,"name":"In\u00edcio","item":"https:\/\/elocapelania.org.br\/10-anos-capelania\/"},{"@type":"ListItem","position":2,"name":"Gente Presente"}]},{"@type":"WebSite","@id":"https:\/\/elocapelania.org.br\/10-anos-capelania\/#website","url":"https:\/\/elocapelania.org.br\/10-anos-capelania\/","name":"Elo Capelania","description":"","publisher":{"@id":"https:\/\/elocapelania.org.br\/10-anos-capelania\/#organization"},"potentialAction":[{"@type":"SearchAction","target":{"@type":"EntryPoint","urlTemplate":"https:\/\/elocapelania.org.br\/10-anos-capelania\/?s={search_term_string}"},"query-input":"required name=search_term_string"}],"inLanguage":"pt-BR"},{"@type":"Organization","@id":"https:\/\/elocapelania.org.br\/10-anos-capelania\/#organization","name":"Elo Capelania","url":"https:\/\/elocapelania.org.br\/10-anos-capelania\/","logo":{"@type":"ImageObject","inLanguage":"pt-BR","@id":"https:\/\/elocapelania.org.br\/10-anos-capelania\/#\/schema\/logo\/image\/","url":"https:\/\/elocapelania.org.br\/wp-content\/uploads\/2025\/08\/SELO_10_ANOS_v9-04.png","contentUrl":"https:\/\/elocapelania.org.br\/wp-content\/uploads\/2025\/08\/SELO_10_ANOS_v9-04.png","width":735,"height":347,"caption":"Elo Capelania"},"image":{"@id":"https:\/\/elocapelania.org.br\/10-anos-capelania\/#\/schema\/logo\/image\/"}}]}},"_links":{"self":[{"href":"https:\/\/elocapelania.org.br\/10-anos-capelania\/wp-json\/wp\/v2\/pages\/519","targetHints":{"allow":["GET"]}}],"collection":[{"href":"https:\/\/elocapelania.org.br\/10-anos-capelania\/wp-json\/wp\/v2\/pages"}],"about":[{"href":"https:\/\/elocapelania.org.br\/10-anos-capelania\/wp-json\/wp\/v2\/types\/page"}],"author":[{"embeddable":true,"href":"https:\/\/elocapelania.org.br\/10-anos-capelania\/wp-json\/wp\/v2\/users\/1"}],"replies":[{"embeddable":true,"href":"https:\/\/elocapelania.org.br\/10-anos-capelania\/wp-json\/wp\/v2\/comments?post=519"}],"version-history":[{"count":2,"href":"https:\/\/elocapelania.org.br\/10-anos-capelania\/wp-json\/wp\/v2\/pages\/519\/revisions"}],"predecessor-version":[{"id":815,"href":"https:\/\/elocapelania.org.br\/10-anos-capelania\/wp-json\/wp\/v2\/pages\/519\/revisions\/815"}],"wp:attachment":[{"href":"https:\/\/elocapelania.org.br\/10-anos-capelania\/wp-json\/wp\/v2\/media?parent=519"}],"curies":[{"name":"wp","href":"https:\/\/api.w.org\/{rel}","templated":true}]}}